{"id":9,"date":"2025-01-06T11:28:08","date_gmt":"2025-01-06T11:28:08","guid":{"rendered":"https:\/\/modesommer.at\/bum\/?page_id=9"},"modified":"2025-01-20T13:09:00","modified_gmt":"2025-01-20T13:09:00","slug":"impressum","status":"publish","type":"page","link":"https:\/\/modesommer.at\/bum\/index.php\/impressum\/","title":{"rendered":"Impressum"},"content":{"rendered":"<div id=\"primary\" class=\"content-area\">\n<p><strong>Verantwortliche f\u00fcr den Inhalt:<\/strong><\/p>\n<article id=\"post-262\" class=\"post-262 page type-page status-publish hentry\">\n<div class=\"entry-content\">\n<p>Mode Sommer<br \/>\nBirgit S\u00f6mmer &amp; Martha Schreder<br \/>\nSpeckbacherstr. 5<br \/>\n6380 St. Johann i.T.<br \/>\nTel.-Nr. +43 5352 20712<br \/>\nE-Mail info(at)modesommer.at<\/p>\n<p>Unternehmensgegenstand: Einzelhandel<br \/>\nUSt-ID<br \/>\nFirmenbuch<br \/>\nAufsichtsbeh\u00f6rde: Bezirkshauptmannschaft Kitzb\u00fchel<br \/>\nFirmeninfo \u00fcber wko.at<\/p>\n<p><strong>Angaben nach \u00f6sterreichischem Mediengesetz<\/strong><br \/>\nHerausgeber Webseite:<br \/>\nModesommer<br \/>\nBirgit S\u00f6mmer &amp; Martha Schreder<br \/>\nSpeckbacherstr. 5<br \/>\n6380 St. Johann i.T.<\/p>\n<p><strong>Haftungsausschluss<\/strong><\/p>\n<p>Die in modesommer.at ver\u00f6ffentlichten Inhalte sind mit gr\u00f6\u00dfter Sorgfalt recherchiert. Dennoch k\u00f6nnen wir keine Gew\u00e4hr f\u00fcr Ihre Richtigkeit \u00fcbernehmen. Alle Angaben erfolgen ohne Gew\u00e4hr. Eine Haftung f\u00fcr Sch\u00e4den, die sich aus der Verwendung der in modesommer.at ver\u00f6ffentlichten Inhalte ergeben, durch den Betreiber bzw. die einstellenden Inhaltepartner ist ausgeschlossen.<\/p>\n<p><strong>Externe Links<\/strong><\/p>\n<p>Diese Website enth\u00e4lt Verkn\u00fcpfungen zu Websites Dritter (\u201eexterne Links\u201c). Diese Websites unterliegen der Haftung der jeweiligen Betreiber. Der Anbieter hat bei der erstmaligen Verkn\u00fcpfung der externen Links die fremden Inhalte daraufhin \u00fcberpr\u00fcft, ob etwaige Rechtsverst\u00f6\u00dfe bestehen. Zu dem Zeitpunkt waren keine Rechtsverst\u00f6\u00dfe ersichtlich. Der Anbieter hat keinerlei Einfluss auf die aktuelle und zuk\u00fcnftige Gestaltung und auf die Inhalte der verkn\u00fcpften Seiten. Das Setzen von externen Links bedeutet nicht, dass sich der Anbieter die hinter dem Verweis oder Link liegenden Inhalte zu Eigen macht. Eine st\u00e4ndige Kontrolle der externen Links ist f\u00fcr den Anbieter ohne konkrete Hinweise auf Rechtsverst\u00f6\u00dfe nicht zumutbar. Bei Kenntnis von Rechtsverst\u00f6\u00dfen werden jedoch derartige externe Links unverz\u00fcglich gel\u00f6scht.<\/p>\n<p><strong>Copyright Bilder<\/strong><\/p>\n<p>Mode Sommer, Partnerfirmen<\/p>\n<\/div>\n<\/article>\n<p>&nbsp;<\/p>\n<\/div>\n","protected":false},"excerpt":{"rendered":"<p>Verantwortliche f\u00fcr den Inhalt: Mode Sommer Birgit S\u00f6mmer &amp; Martha Schreder Speckbacherstr. 5 6380 St. Johann i.T. Tel.-Nr. +43 5352 20712 E-Mail info(at)modesommer.at Unternehmensgegenstand: Einzelhandel USt-ID Firmenbuch Aufsichtsbeh\u00f6rde: Bezirkshauptmannschaft Kitzb\u00fchel Firmeninfo \u00fcber wko.at Angaben nach \u00f6sterreichischem Mediengesetz Herausgeber Webseite: Modesommer Birgit S\u00f6mmer &amp; Martha Schreder Speckbacherstr. 5 6380 St. Johann i.T. Haftungsausschluss Die in modesommer.at [&hellip;]<\/p>\n","protected":false},"author":1,"featured_media":0,"parent":0,"menu_order":0,"comment_status":"closed","ping_status":"closed","template":"","meta":{"footnotes":""},"class_list":["post-9","page","type-page","status-publish","hentry"],"yoast_head":"<!-- This site is optimized with the Yoast SEO plugin v27.4 - https:\/\/yoast.com\/product\/yoast-seo-wordpress\/ -->\n<title>Impressum - Modesommer<\/title>\n<meta name=\"description\" content=\"Impressum - Modesommer Damenmode\" \/>\n<meta name=\"robots\" content=\"index, follow, max-snippet:-1, max-image-preview:large, max-video-preview:-1\" \/>\n<link rel=\"canonical\" href=\"https:\/\/modesommer.at\/bum\/index.php\/impressum\/\" \/>\n<meta property=\"og:locale\" content=\"de_DE\" \/>\n<meta property=\"og:type\" content=\"article\" \/>\n<meta property=\"og:title\" content=\"Impressum - Modesommer\" \/>\n<meta property=\"og:description\" content=\"Impressum - Modesommer Damenmode\" \/>\n<meta property=\"og:url\" content=\"https:\/\/modesommer.at\/bum\/index.php\/impressum\/\" \/>\n<meta property=\"og:site_name\" content=\"Mode Sommer\" \/>\n<meta property=\"article:modified_time\" content=\"2025-01-20T13:09:00+00:00\" \/>\n<meta name=\"twitter:card\" content=\"summary_large_image\" \/>\n<meta name=\"twitter:label1\" content=\"Gesch\u00e4tzte Lesezeit\" \/>\n\t<meta name=\"twitter:data1\" content=\"2\u00a0Minuten\" \/>\n<script type=\"application\/ld+json\" class=\"yoast-schema-graph\">{\"@context\":\"https:\\\/\\\/schema.org\",\"@graph\":[{\"@type\":\"WebPage\",\"@id\":\"https:\\\/\\\/modesommer.at\\\/bum\\\/index.php\\\/impressum\\\/\",\"url\":\"https:\\\/\\\/modesommer.at\\\/bum\\\/index.php\\\/impressum\\\/\",\"name\":\"Impressum - Modesommer\",\"isPartOf\":{\"@id\":\"https:\\\/\\\/modesommer.at\\\/bum\\\/#website\"},\"datePublished\":\"2025-01-06T11:28:08+00:00\",\"dateModified\":\"2025-01-20T13:09:00+00:00\",\"description\":\"Impressum - Modesommer Damenmode\",\"breadcrumb\":{\"@id\":\"https:\\\/\\\/modesommer.at\\\/bum\\\/index.php\\\/impressum\\\/#breadcrumb\"},\"inLanguage\":\"de\",\"potentialAction\":[{\"@type\":\"ReadAction\",\"target\":[\"https:\\\/\\\/modesommer.at\\\/bum\\\/index.php\\\/impressum\\\/\"]}]},{\"@type\":\"BreadcrumbList\",\"@id\":\"https:\\\/\\\/modesommer.at\\\/bum\\\/index.php\\\/impressum\\\/#breadcrumb\",\"itemListElement\":[{\"@type\":\"ListItem\",\"position\":1,\"name\":\"Startseite\",\"item\":\"https:\\\/\\\/modesommer.at\\\/bum\\\/\"},{\"@type\":\"ListItem\",\"position\":2,\"name\":\"Impressum\"}]},{\"@type\":\"WebSite\",\"@id\":\"https:\\\/\\\/modesommer.at\\\/bum\\\/#website\",\"url\":\"https:\\\/\\\/modesommer.at\\\/bum\\\/\",\"name\":\"Mode Sommer\",\"description\":\"\",\"publisher\":{\"@id\":\"https:\\\/\\\/modesommer.at\\\/bum\\\/#organization\"},\"potentialAction\":[{\"@type\":\"SearchAction\",\"target\":{\"@type\":\"EntryPoint\",\"urlTemplate\":\"https:\\\/\\\/modesommer.at\\\/bum\\\/?s={search_term_string}\"},\"query-input\":{\"@type\":\"PropertyValueSpecification\",\"valueRequired\":true,\"valueName\":\"search_term_string\"}}],\"inLanguage\":\"de\"},{\"@type\":\"Organization\",\"@id\":\"https:\\\/\\\/modesommer.at\\\/bum\\\/#organization\",\"name\":\"Modesommer\",\"url\":\"https:\\\/\\\/modesommer.at\\\/bum\\\/\",\"logo\":{\"@type\":\"ImageObject\",\"inLanguage\":\"de\",\"@id\":\"https:\\\/\\\/modesommer.at\\\/bum\\\/#\\\/schema\\\/logo\\\/image\\\/\",\"url\":\"https:\\\/\\\/modesommer.at\\\/bum\\\/wp-content\\\/uploads\\\/2025\\\/01\\\/MoSo-Fav-01.png\",\"contentUrl\":\"https:\\\/\\\/modesommer.at\\\/bum\\\/wp-content\\\/uploads\\\/2025\\\/01\\\/MoSo-Fav-01.png\",\"width\":500,\"height\":500,\"caption\":\"Modesommer\"},\"image\":{\"@id\":\"https:\\\/\\\/modesommer.at\\\/bum\\\/#\\\/schema\\\/logo\\\/image\\\/\"}}]}<\/script>\n<!-- \/ Yoast SEO plugin. -->","yoast_head_json":{"title":"Impressum - Modesommer","description":"Impressum - Modesommer Damenmode","robots":{"index":"index","follow":"follow","max-snippet":"max-snippet:-1","max-image-preview":"max-image-preview:large","max-video-preview":"max-video-preview:-1"},"canonical":"https:\/\/modesommer.at\/bum\/index.php\/impressum\/","og_locale":"de_DE","og_type":"article","og_title":"Impressum - Modesommer","og_description":"Impressum - Modesommer Damenmode","og_url":"https:\/\/modesommer.at\/bum\/index.php\/impressum\/","og_site_name":"Mode Sommer","article_modified_time":"2025-01-20T13:09:00+00:00","twitter_card":"summary_large_image","twitter_misc":{"Gesch\u00e4tzte Lesezeit":"2\u00a0Minuten"},"schema":{"@context":"https:\/\/schema.org","@graph":[{"@type":"WebPage","@id":"https:\/\/modesommer.at\/bum\/index.php\/impressum\/","url":"https:\/\/modesommer.at\/bum\/index.php\/impressum\/","name":"Impressum - Modesommer","isPartOf":{"@id":"https:\/\/modesommer.at\/bum\/#website"},"datePublished":"2025-01-06T11:28:08+00:00","dateModified":"2025-01-20T13:09:00+00:00","description":"Impressum - Modesommer Damenmode","breadcrumb":{"@id":"https:\/\/modesommer.at\/bum\/index.php\/impressum\/#breadcrumb"},"inLanguage":"de","potentialAction":[{"@type":"ReadAction","target":["https:\/\/modesommer.at\/bum\/index.php\/impressum\/"]}]},{"@type":"BreadcrumbList","@id":"https:\/\/modesommer.at\/bum\/index.php\/impressum\/#breadcrumb","itemListElement":[{"@type":"ListItem","position":1,"name":"Startseite","item":"https:\/\/modesommer.at\/bum\/"},{"@type":"ListItem","position":2,"name":"Impressum"}]},{"@type":"WebSite","@id":"https:\/\/modesommer.at\/bum\/#website","url":"https:\/\/modesommer.at\/bum\/","name":"Mode Sommer","description":"","publisher":{"@id":"https:\/\/modesommer.at\/bum\/#organization"},"potentialAction":[{"@type":"SearchAction","target":{"@type":"EntryPoint","urlTemplate":"https:\/\/modesommer.at\/bum\/?s={search_term_string}"},"query-input":{"@type":"PropertyValueSpecification","valueRequired":true,"valueName":"search_term_string"}}],"inLanguage":"de"},{"@type":"Organization","@id":"https:\/\/modesommer.at\/bum\/#organization","name":"Modesommer","url":"https:\/\/modesommer.at\/bum\/","logo":{"@type":"ImageObject","inLanguage":"de","@id":"https:\/\/modesommer.at\/bum\/#\/schema\/logo\/image\/","url":"https:\/\/modesommer.at\/bum\/wp-content\/uploads\/2025\/01\/MoSo-Fav-01.png","contentUrl":"https:\/\/modesommer.at\/bum\/wp-content\/uploads\/2025\/01\/MoSo-Fav-01.png","width":500,"height":500,"caption":"Modesommer"},"image":{"@id":"https:\/\/modesommer.at\/bum\/#\/schema\/logo\/image\/"}}]}},"jetpack_sharing_enabled":true,"_links":{"self":[{"href":"https:\/\/modesommer.at\/bum\/index.php\/wp-json\/wp\/v2\/pages\/9","targetHints":{"allow":["GET"]}}],"collection":[{"href":"https:\/\/modesommer.at\/bum\/index.php\/wp-json\/wp\/v2\/pages"}],"about":[{"href":"https:\/\/modesommer.at\/bum\/index.php\/wp-json\/wp\/v2\/types\/page"}],"author":[{"embeddable":true,"href":"https:\/\/modesommer.at\/bum\/index.php\/wp-json\/wp\/v2\/users\/1"}],"replies":[{"embeddable":true,"href":"https:\/\/modesommer.at\/bum\/index.php\/wp-json\/wp\/v2\/comments?post=9"}],"version-history":[{"count":4,"href":"https:\/\/modesommer.at\/bum\/index.php\/wp-json\/wp\/v2\/pages\/9\/revisions"}],"predecessor-version":[{"id":227,"href":"https:\/\/modesommer.at\/bum\/index.php\/wp-json\/wp\/v2\/pages\/9\/revisions\/227"}],"wp:attachment":[{"href":"https:\/\/modesommer.at\/bum\/index.php\/wp-json\/wp\/v2\/media?parent=9"}],"curies":[{"name":"wp","href":"https:\/\/api.w.org\/{rel}","templated":true}]}}